{"id":228781,"date":"2025-05-30T09:40:01","date_gmt":"2025-05-30T08:40:01","guid":{"rendered":"https:\/\/www.empackalgeria.com\/?page_id=228781"},"modified":"2025-12-22T09:55:23","modified_gmt":"2025-12-22T08:55:23","slug":"outils-pour-exposants","status":"publish","type":"page","link":"https:\/\/www.empackalgeria.com\/fr\/outils-pour-exposants\/","title":{"rendered":"Outils pour exposants"},"content":{"rendered":"\t\t<div data-elementor-type=\"wp-page\" data-elementor-id=\"228781\" class=\"elementor elementor-228781\" data-elementor-post-type=\"page\">\n\t\t\t\t\t\t<section class=\"elementor-section elementor-top-section elementor-element elementor-element-b0c8415 elementor-section-full_width elementor-section-height-default elementor-section-height-default\" data-id=\"b0c8415\" data-element_type=\"section\">\n\t\t\t\t\t\t<div class=\"elementor-container elementor-column-gap-no\">\n\t\t\t\t\t<div class=\"elementor-column elementor-col-50 elementor-top-column elementor-element elementor-element-5aa411c\" data-id=\"5aa411c\" data-element_type=\"column\" data-settings=\"{&quot;background_background&quot;:&quot;classic&quot;}\">\n\t\t\t<div class=\"elementor-widget-wrap elementor-element-populated\">\n\t\t\t\t\t\t<div class=\"elementor-element elementor-element-dc68206 elementor-hidden-desktop elementor-hidden-tablet elementor-widget elementor-widget-image\" data-id=\"dc68206\" data-element_type=\"widget\" data-widget_type=\"image.default\">\n\t\t\t\t<div class=\"elementor-widget-container\">\n\t\t\t\t\t\t\t\t\t\t\t\t\t\t\t<img fetchpriority=\"high\" decoding=\"async\" width=\"700\" height=\"700\" src=\"https:\/\/easyfairsassets.com\/sites\/356\/2025\/05\/EmMadrid2021New_Images__0008_EMPACK-Materials_05.jpg\" class=\"attachment-full size-full wp-image-228910\" alt=\"\" srcset=\"https:\/\/easyfairsassets.com\/sites\/356\/2025\/05\/EmMadrid2021New_Images__0008_EMPACK-Materials_05.jpg 700w, https:\/\/easyfairsassets.com\/sites\/356\/2025\/05\/EmMadrid2021New_Images__0008_EMPACK-Materials_05-300x300.jpg 300w, https:\/\/easyfairsassets.com\/sites\/356\/2025\/05\/EmMadrid2021New_Images__0008_EMPACK-Materials_05-150x150.jpg 150w\" sizes=\"(max-width: 700px) 100vw, 700px\" \/>\t\t\t\t\t\t\t\t\t\t\t\t\t\t\t<\/div>\n\t\t\t\t<\/div>\n\t\t\t\t\t<\/div>\n\t\t<\/div>\n\t\t\t\t<div class=\"elementor-column elementor-col-50 elementor-top-column elementor-element elementor-element-31250b6\" data-id=\"31250b6\" data-element_type=\"column\">\n\t\t\t<div class=\"elementor-widget-wrap elementor-element-populated\">\n\t\t\t\t\t\t<div class=\"elementor-element elementor-element-8f486ac elementor-invisible elementor-widget elementor-widget-heading\" data-id=\"8f486ac\" data-element_type=\"widget\" data-settings=\"{&quot;_animation&quot;:&quot;fadeInRight&quot;}\" data-widget_type=\"heading.default\">\n\t\t\t\t<div class=\"elementor-widget-container\">\n\t\t\t\t\t<h1 class=\"elementor-heading-title elementor-size-default\">Nous vous remercions d'exposer \u00e0 Empack<\/h1>\t\t\t\t<\/div>\n\t\t\t\t<\/div>\n\t\t\t\t<div class=\"elementor-element elementor-element-e4d112b elementor-widget elementor-widget-text-editor\" data-id=\"e4d112b\" data-element_type=\"widget\" data-widget_type=\"text-editor.default\">\n\t\t\t\t<div class=\"elementor-widget-container\">\n\t\t\t\t\t\t\t\t\t<p>Bienvenue \u00e0 Empack Alg\u00e9rie 2026. Vous trouverez ci-dessous un guide pratique pour profiter pleinement de l&rsquo;\u00e9v\u00e9nement. Vous pourrez g\u00e9rer votre stand, utiliser diff\u00e9rents outils pour g\u00e9n\u00e9rer des leads et inviter vos clients. Profitez pleinement de l&rsquo;exp\u00e9rience !<\/p>\t\t\t\t\t\t\t\t<\/div>\n\t\t\t\t<\/div>\n\t\t\t\t<div class=\"elementor-element elementor-element-adc5d58 elementor-align-left elementor-mobile-align-center elementor-hidden-desktop elementor-hidden-tablet elementor-hidden-phone elementor-widget elementor-widget-button\" data-id=\"adc5d58\" data-element_type=\"widget\" data-widget_type=\"button.default\">\n\t\t\t\t<div class=\"elementor-widget-container\">\n\t\t\t\t\t\t\t\t\t<div class=\"elementor-button-wrapper\">\n\t\t\t\t\t<a class=\"elementor-button elementor-button-link elementor-size-xs\" href=\"https:\/\/www.empackalgeria.com\/fr\/2022\/03\/11\/1852\/\">\n\t\t\t\t\t\t<span class=\"elementor-button-content-wrapper\">\n\t\t\t\t\t\t<span class=\"elementor-button-icon\">\n\t\t\t\t<i aria-hidden=\"true\" class=\"far fa-arrow-alt-circle-right\"><\/i>\t\t\t<\/span>\n\t\t\t\t\t\t\t\t\t<span class=\"elementor-button-text\">Register now&nbsp; <\/span>\n\t\t\t\t\t<\/span>\n\t\t\t\t\t<\/a>\n\t\t\t\t<\/div>\n\t\t\t\t\t\t\t\t<\/div>\n\t\t\t\t<\/div>\n\t\t\t\t\t<\/div>\n\t\t<\/div>\n\t\t\t\t\t<\/div>\n\t\t<\/section>\n\t\t\t\t<section class=\"elementor-section elementor-top-section elementor-element elementor-element-4f91c95 elementor-section-full_width elementor-section-height-default elementor-section-height-default\" data-id=\"4f91c95\" data-element_type=\"section\" data-settings=\"{&quot;background_background&quot;:&quot;classic&quot;}\">\n\t\t\t\t\t\t<div class=\"elementor-container elementor-column-gap-no\">\n\t\t\t\t\t<div class=\"elementor-column elementor-col-50 elementor-top-column elementor-element elementor-element-4799660\" data-id=\"4799660\" data-element_type=\"column\">\n\t\t\t<div class=\"elementor-widget-wrap elementor-element-populated\">\n\t\t\t\t\t\t<div class=\"elementor-element elementor-element-f42951f elementor-invisible elementor-widget elementor-widget-heading\" data-id=\"f42951f\" data-element_type=\"widget\" data-settings=\"{&quot;_animation&quot;:&quot;fadeInRight&quot;}\" data-widget_type=\"heading.default\">\n\t\t\t\t<div class=\"elementor-widget-container\">\n\t\t\t\t\t<h2 class=\"elementor-heading-title elementor-size-default\">My Easyfairs<\/h2>\t\t\t\t<\/div>\n\t\t\t\t<\/div>\n\t\t\t\t<div class=\"elementor-element elementor-element-31cedd0 elementor-widget elementor-widget-text-editor\" data-id=\"31cedd0\" data-element_type=\"widget\" data-widget_type=\"text-editor.default\">\n\t\t\t\t<div class=\"elementor-widget-container\">\n\t\t\t\t\t\t\t\t\t<p>Avec My Easyfairs, vous pourrez g\u00e9rer l&rsquo;int\u00e9gralit\u00e9 de votre participation \u00e0 cet \u00e9v\u00e9nement. Apr\u00e8s avoir r\u00e9serv\u00e9 votre stand, vous recevrez un e-mail vous permettant de vous connecter \u00e0 \u00ab\u00a0My Easyfairs\u00a0\u00bb.<\/p>\t\t\t\t\t\t\t\t<\/div>\n\t\t\t\t<\/div>\n\t\t\t\t<div class=\"elementor-element elementor-element-a3197cc elementor-align-left elementor-mobile-align-center elementor-widget elementor-widget-button\" data-id=\"a3197cc\" data-element_type=\"widget\" data-widget_type=\"button.default\">\n\t\t\t\t<div class=\"elementor-widget-container\">\n\t\t\t\t\t\t\t\t\t<div class=\"elementor-button-wrapper\">\n\t\t\t\t\t<a class=\"elementor-button elementor-button-link elementor-size-xs\" href=\"https:\/\/my.easyfairs.com\/#\/login\" target=\"_blank\">\n\t\t\t\t\t\t<span class=\"elementor-button-content-wrapper\">\n\t\t\t\t\t\t\t\t\t<span class=\"elementor-button-text\">My Easyfairs Login<\/span>\n\t\t\t\t\t<\/span>\n\t\t\t\t\t<\/a>\n\t\t\t\t<\/div>\n\t\t\t\t\t\t\t\t<\/div>\n\t\t\t\t<\/div>\n\t\t\t\t\t<\/div>\n\t\t<\/div>\n\t\t\t\t<div class=\"elementor-column elementor-col-50 elementor-top-column elementor-element elementor-element-b2a4444\" data-id=\"b2a4444\" data-element_type=\"column\" data-settings=\"{&quot;background_background&quot;:&quot;classic&quot;}\">\n\t\t\t<div class=\"elementor-widget-wrap elementor-element-populated\">\n\t\t\t\t\t\t<div class=\"elementor-element elementor-element-8d45993 elementor-widget elementor-widget-video\" data-id=\"8d45993\" data-element_type=\"widget\" data-settings=\"{&quot;youtube_url&quot;:&quot;https:\\\/\\\/youtu.be\\\/FU8ifGw1n_8&quot;,&quot;video_type&quot;:&quot;youtube&quot;,&quot;controls&quot;:&quot;yes&quot;}\" data-widget_type=\"video.default\">\n\t\t\t\t<div class=\"elementor-widget-container\">\n\t\t\t\t\t\t\t<div class=\"elementor-wrapper elementor-open-inline\">\n\t\t\t<div class=\"elementor-video\"><\/div>\t\t<\/div>\n\t\t\t\t\t\t<\/div>\n\t\t\t\t<\/div>\n\t\t\t\t\t<\/div>\n\t\t<\/div>\n\t\t\t\t\t<\/div>\n\t\t<\/section>\n\t\t\t\t<section class=\"elementor-section elementor-top-section elementor-element elementor-element-28955d9 elementor-section-full_width elementor-section-height-default elementor-section-height-default\" data-id=\"28955d9\" data-element_type=\"section\" data-settings=\"{&quot;background_background&quot;:&quot;classic&quot;}\">\n\t\t\t\t\t\t<div class=\"elementor-container elementor-column-gap-no\">\n\t\t\t\t\t<div class=\"elementor-column elementor-col-50 elementor-top-column elementor-element elementor-element-318d9ce\" data-id=\"318d9ce\" data-element_type=\"column\">\n\t\t\t<div class=\"elementor-widget-wrap elementor-element-populated\">\n\t\t\t\t\t\t<div class=\"elementor-element elementor-element-8b6dd72 elementor-invisible elementor-widget elementor-widget-heading\" data-id=\"8b6dd72\" data-element_type=\"widget\" data-settings=\"{&quot;_animation&quot;:&quot;fadeInRight&quot;}\" data-widget_type=\"heading.default\">\n\t\t\t\t<div class=\"elementor-widget-container\">\n\t\t\t\t\t<h2 class=\"elementor-heading-title elementor-size-default\">Que propose MyEasyfairs ?<\/h2>\t\t\t\t<\/div>\n\t\t\t\t<\/div>\n\t\t\t\t<div class=\"elementor-element elementor-element-a609ec3 elementor-widget elementor-widget-text-editor\" data-id=\"a609ec3\" data-element_type=\"widget\" data-widget_type=\"text-editor.default\">\n\t\t\t\t<div class=\"elementor-widget-container\">\n\t\t\t\t\t\t\t\t\t<ul><li>Mettez \u00e0 jour votre profil d&rsquo;exposant.<\/li><li>Les visiteurs en sauront plus sur votre entreprise.<\/li><li>Invitez vos clients.<\/li><li>Partagez votre lien d&rsquo;inscription personnalis\u00e9 et d\u00e9couvrez qui s&rsquo;inscrit gr\u00e2ce \u00e0 vos invitations.<\/li><li>Pr\u00e9parez votre stand.<\/li><li>G\u00e9rez et enregistrez les commandes suppl\u00e9mentaires, inscrivez votre personnel de stand et bien plus encore\u2026<\/li><li>Comment s&rsquo;est d\u00e9roul\u00e9 l&rsquo;\u00e9v\u00e9nement\u00a0?<\/li><li>D\u00e9couvrez l&rsquo;impact de votre participation.<\/li><\/ul>\t\t\t\t\t\t\t\t<\/div>\n\t\t\t\t<\/div>\n\t\t\t\t<div class=\"elementor-element elementor-element-c3be51d elementor-align-left elementor-mobile-align-center elementor-widget elementor-widget-button\" data-id=\"c3be51d\" data-element_type=\"widget\" data-widget_type=\"button.default\">\n\t\t\t\t<div class=\"elementor-widget-container\">\n\t\t\t\t\t\t\t\t\t<div class=\"elementor-button-wrapper\">\n\t\t\t\t\t<a class=\"elementor-button elementor-button-link elementor-size-xs\" href=\"https:\/\/my.easyfairs.com\/#\/login\" target=\"_blank\">\n\t\t\t\t\t\t<span class=\"elementor-button-content-wrapper\">\n\t\t\t\t\t\t\t\t\t<span class=\"elementor-button-text\">My Easyfairs Login<\/span>\n\t\t\t\t\t<\/span>\n\t\t\t\t\t<\/a>\n\t\t\t\t<\/div>\n\t\t\t\t\t\t\t\t<\/div>\n\t\t\t\t<\/div>\n\t\t\t\t\t<\/div>\n\t\t<\/div>\n\t\t\t\t<div class=\"elementor-column elementor-col-50 elementor-top-column elementor-element elementor-element-6ea5001\" data-id=\"6ea5001\" data-element_type=\"column\" data-settings=\"{&quot;background_background&quot;:&quot;classic&quot;}\">\n\t\t\t<div class=\"elementor-widget-wrap elementor-element-populated\">\n\t\t\t\t\t\t<div class=\"elementor-element elementor-element-14fc037 elementor-widget elementor-widget-video\" data-id=\"14fc037\" data-element_type=\"widget\" data-settings=\"{&quot;youtube_url&quot;:&quot;https:\\\/\\\/youtu.be\\\/6-Y52wEp0xA&quot;,&quot;video_type&quot;:&quot;youtube&quot;,&quot;controls&quot;:&quot;yes&quot;}\" data-widget_type=\"video.default\">\n\t\t\t\t<div class=\"elementor-widget-container\">\n\t\t\t\t\t\t\t<div class=\"elementor-wrapper elementor-open-inline\">\n\t\t\t<div class=\"elementor-video\"><\/div>\t\t<\/div>\n\t\t\t\t\t\t<\/div>\n\t\t\t\t<\/div>\n\t\t\t\t\t<\/div>\n\t\t<\/div>\n\t\t\t\t\t<\/div>\n\t\t<\/section>\n\t\t\t\t<section class=\"elementor-section elementor-top-section elementor-element elementor-element-ca16034 elementor-section-full_width elementor-section-height-default elementor-section-height-default\" data-id=\"ca16034\" data-element_type=\"section\" data-settings=\"{&quot;background_background&quot;:&quot;classic&quot;}\">\n\t\t\t\t\t\t<div class=\"elementor-container elementor-column-gap-no\">\n\t\t\t\t\t<div class=\"elementor-column elementor-col-100 elementor-top-column elementor-element elementor-element-3031dd0\" data-id=\"3031dd0\" data-element_type=\"column\">\n\t\t\t<div class=\"elementor-widget-wrap elementor-element-populated\">\n\t\t\t\t\t\t<div class=\"elementor-element elementor-element-df27bc4 elementor-invisible elementor-widget elementor-widget-heading\" data-id=\"df27bc4\" data-element_type=\"widget\" data-settings=\"{&quot;_animation&quot;:&quot;fadeInRight&quot;}\" data-widget_type=\"heading.default\">\n\t\t\t\t<div class=\"elementor-widget-container\">\n\t\t\t\t\t<h2 class=\"elementor-heading-title elementor-size-default\">Campagne Marketing &amp; PR<\/h2>\t\t\t\t<\/div>\n\t\t\t\t<\/div>\n\t\t\t\t<div class=\"elementor-element elementor-element-3727a3b elementor-widget elementor-widget-text-editor\" data-id=\"3727a3b\" data-element_type=\"widget\" data-widget_type=\"text-editor.default\">\n\t\t\t\t<div class=\"elementor-widget-container\">\n\t\t\t\t\t\t\t\t\t<p>Nous vous enverrons durant le moi d&rsquo;octobre des outils marketing et RP que vous pourrez utiliser dans votre campagne. Nous vous recommandons vivement d&rsquo;en tirer parti pour maximiser votre visibilit\u00e9 avant, pendant et apr\u00e8s l&rsquo;\u00e9v\u00e9nement.<\/p><p>Empack Alg\u00e9rie 2025 vous propose des banni\u00e8res de diff\u00e9rentes tailles. Elles vous aideront \u00e0 promouvoir l&rsquo;\u00e9v\u00e9nement.\u00a0<\/p><p>Empack Alg\u00e9rie vous propose une invitation digitale avec QR code.. Vous pouvez la transmettre autant de fois que vous le souhaitez (utilisation illimit\u00e9e) pour informer tous vos contacts et clients privil\u00e9gi\u00e9s de votre participation au salon et leur faciliter l&rsquo;inscription avec le QR code.<\/p>\t\t\t\t\t\t\t\t<\/div>\n\t\t\t\t<\/div>\n\t\t\t\t\t<\/div>\n\t\t<\/div>\n\t\t\t\t\t<\/div>\n\t\t<\/section>\n\t\t\t\t<section class=\"elementor-section elementor-top-section elementor-element elementor-element-e628e8d elementor-section-full_width elementor-section-height-default elementor-section-height-default\" data-id=\"e628e8d\" data-element_type=\"section\" data-settings=\"{&quot;background_background&quot;:&quot;classic&quot;}\">\n\t\t\t\t\t\t<div class=\"elementor-container elementor-column-gap-no\">\n\t\t\t\t\t<div class=\"elementor-column elementor-col-100 elementor-top-column elementor-element elementor-element-38ea06f\" data-id=\"38ea06f\" data-element_type=\"column\">\n\t\t\t<div class=\"elementor-widget-wrap elementor-element-populated\">\n\t\t\t\t\t\t<div class=\"elementor-element elementor-element-58e4070 elementor-invisible elementor-widget elementor-widget-heading\" data-id=\"58e4070\" data-element_type=\"widget\" data-settings=\"{&quot;_animation&quot;:&quot;fadeInRight&quot;}\" data-widget_type=\"heading.default\">\n\t\t\t\t<div class=\"elementor-widget-container\">\n\t\t\t\t\t<h2 class=\"elementor-heading-title elementor-size-default\">De plus, l'application de Empack<\/h2>\t\t\t\t<\/div>\n\t\t\t\t<\/div>\n\t\t\t\t<div class=\"elementor-element elementor-element-c55c074 elementor-widget elementor-widget-text-editor\" data-id=\"c55c074\" data-element_type=\"widget\" data-widget_type=\"text-editor.default\">\n\t\t\t\t<div class=\"elementor-widget-container\">\n\t\t\t\t\t\t\t\t\t<p>L&rsquo;application Empack est disponible avec de nombreuses fonctionnalit\u00e9s con\u00e7ues pour am\u00e9liorer votre exp\u00e9rience avant, pendant et apr\u00e8s le salon ! D\u00e9couvrez de nouveaux exposants et visiteurs, connectez-vous avec les leaders du secteur, planifiez vos rendez-vous, recevez des informations en direct, et personnalisez votre agenda en enregistrant les conf\u00e9rences que vous souhaitez suivre.<\/p><p>De plus, l&rsquo;acces \u00e0 votre compte Visit connect est inclu dans l&rsquo;application. Visit connect vous permet de scanner les badges de tous les visiteurs avec lesquels vous discutez et qui sont int\u00e9ress\u00e9s par votre produit. Vous obtiendrez directement leur contact et pourrez ajouter des notes et des informations compl\u00e9mentaires.<\/p>\t\t\t\t\t\t\t\t<\/div>\n\t\t\t\t<\/div>\n\t\t\t\t<div class=\"elementor-element elementor-element-d58bf90 elementor-align-left elementor-mobile-align-center elementor-widget elementor-widget-button\" data-id=\"d58bf90\" data-element_type=\"widget\" data-widget_type=\"button.default\">\n\t\t\t\t<div class=\"elementor-widget-container\">\n\t\t\t\t\t\t\t\t\t<div class=\"elementor-button-wrapper\">\n\t\t\t\t\t<a class=\"elementor-button elementor-button-link elementor-size-xs\" href=\"https:\/\/b62zt.app.link\/EmpackAlgeria\" target=\"_blank\">\n\t\t\t\t\t\t<span class=\"elementor-button-content-wrapper\">\n\t\t\t\t\t\t\t\t\t<span class=\"elementor-button-text\">T\u00e9l\u00e9charger l'application<\/span>\n\t\t\t\t\t<\/span>\n\t\t\t\t\t<\/a>\n\t\t\t\t<\/div>\n\t\t\t\t\t\t\t\t<\/div>\n\t\t\t\t<\/div>\n\t\t\t\t\t<\/div>\n\t\t<\/div>\n\t\t\t\t\t<\/div>\n\t\t<\/section>\n\t\t\t\t<section class=\"elementor-section elementor-top-section elementor-element elementor-element-97c3e89 elementor-section-full_width elementor-section-height-default elementor-section-height-default\" data-id=\"97c3e89\" data-element_type=\"section\">\n\t\t\t\t\t\t<div class=\"elementor-container elementor-column-gap-no\">\n\t\t\t\t\t<div class=\"elementor-column elementor-col-50 elementor-top-column elementor-element elementor-element-b03bb68\" data-id=\"b03bb68\" data-element_type=\"column\">\n\t\t\t<div class=\"elementor-widget-wrap elementor-element-populated\">\n\t\t\t\t\t\t<div class=\"elementor-element elementor-element-2ba97e1 elementor-invisible elementor-widget elementor-widget-heading\" data-id=\"2ba97e1\" data-element_type=\"widget\" data-settings=\"{&quot;_animation&quot;:&quot;fadeInRight&quot;}\" data-widget_type=\"heading.default\">\n\t\t\t\t<div class=\"elementor-widget-container\">\n\t\t\t\t\t<h2 class=\"elementor-heading-title elementor-size-default\">M\u00e9fiez-vous des faux vendeurs de bases de donn\u00e9es et d\u2019escroqueries similaires !<\/h2>\t\t\t\t<\/div>\n\t\t\t\t<\/div>\n\t\t\t\t<div class=\"elementor-element elementor-element-5563b19 elementor-widget elementor-widget-text-editor\" data-id=\"5563b19\" data-element_type=\"widget\" data-widget_type=\"text-editor.default\">\n\t\t\t\t<div class=\"elementor-widget-container\">\n\t\t\t\t\t\t\t\t\t<p><strong>Attention aux faux vendeurs de listes et aux fraudes similaires !<\/strong><\/p><p>Easyfairs attire votre attention sur les offres frauduleuses de donn\u00e9es de listes et autres \u00ab\u00a0services\u00a0\u00bb que vous pouvez recevoir par le biais d&rsquo;e-mails non sollicit\u00e9s.<\/p><p>Si vous recevez une telle communication, elle est certainement frauduleuse et ne provient pas d&rsquo;Easyfairs. Easyfairs ne vend jamais les donn\u00e9es de ses visiteurs \u00e0 des tiers.<\/p><p>Les donn\u00e9es fournies par ces entreprises sont la plupart du temps inexactes, incompl\u00e8tes, de mauvaise qualit\u00e9 ou m\u00eame fausses et\/ou ont \u00e9t\u00e9 collect\u00e9es ou acquises en violation du R\u00e8glement g\u00e9n\u00e9ral sur la protection des donn\u00e9es (Loi N\u00b0 18-07).<br \/>Toute utilisation que ces entreprises font du nom Easyfairs ou Sinaa se fait sans notre autorisation et est ill\u00e9gale.<\/p><p>Ne r\u00e9pondez pas \u00e0 ces courriels. Vous ne devez en aucun cas effectuer des paiements aux entreprises qui se cachent derri\u00e8re ces messages.<\/p><p>Veuillez informer Easyfairs si vous recevez de telles sollicitations afin que nous puissions en avertir d&rsquo;autres.<\/p>\t\t\t\t\t\t\t\t<\/div>\n\t\t\t\t<\/div>\n\t\t\t\t<div class=\"elementor-element elementor-element-0197ffb elementor-align-left elementor-mobile-align-center elementor-widget elementor-widget-button\" data-id=\"0197ffb\" data-element_type=\"widget\" data-widget_type=\"button.default\">\n\t\t\t\t<div class=\"elementor-widget-container\">\n\t\t\t\t\t\t\t\t\t<div class=\"elementor-button-wrapper\">\n\t\t\t\t\t<a class=\"elementor-button elementor-button-link elementor-size-xs\" href=\"mailto:fares.degaichia@easyfairs.com?subject=Exhibitor%20tools\" target=\"_blank\">\n\t\t\t\t\t\t<span class=\"elementor-button-content-wrapper\">\n\t\t\t\t\t\t\t\t\t<span class=\"elementor-button-text\">FAITES-LE NOUS SAVOIR<\/span>\n\t\t\t\t\t<\/span>\n\t\t\t\t\t<\/a>\n\t\t\t\t<\/div>\n\t\t\t\t\t\t\t\t<\/div>\n\t\t\t\t<\/div>\n\t\t\t\t\t<\/div>\n\t\t<\/div>\n\t\t\t\t<div class=\"elementor-column elementor-col-50 elementor-top-column elementor-element elementor-element-0795ed2\" data-id=\"0795ed2\" data-element_type=\"column\">\n\t\t\t<div class=\"elementor-widget-wrap elementor-element-populated\">\n\t\t\t\t\t\t<div class=\"elementor-element elementor-element-ab85730 elementor-widget elementor-widget-video\" data-id=\"ab85730\" data-element_type=\"widget\" data-settings=\"{&quot;youtube_url&quot;:&quot;https:\\\/\\\/www.youtube.com\\\/watch?v=n9k-nmjQlG0&quot;,&quot;video_type&quot;:&quot;youtube&quot;,&quot;controls&quot;:&quot;yes&quot;}\" data-widget_type=\"video.default\">\n\t\t\t\t<div class=\"elementor-widget-container\">\n\t\t\t\t\t\t\t<div class=\"elementor-wrapper elementor-open-inline\">\n\t\t\t<div class=\"elementor-video\"><\/div>\t\t<\/div>\n\t\t\t\t\t\t<\/div>\n\t\t\t\t<\/div>\n\t\t\t\t\t<\/div>\n\t\t<\/div>\n\t\t\t\t\t<\/div>\n\t\t<\/section>\n\t\t\t\t<\/div>\n\t\t","protected":false},"excerpt":{"rendered":"<p>Nous vous remercions d&rsquo;exposer \u00e0 Empack Bienvenue \u00e0 Empack Alg\u00e9rie 2026. Vous trouverez ci-dessous un guide pratique pour profiter pleinement de l&rsquo;\u00e9v\u00e9nement. Vous pourrez g\u00e9rer votre stand, utiliser diff\u00e9rents outils pour g\u00e9n\u00e9rer des leads et inviter vos clients. Profitez pleinement de l&rsquo;exp\u00e9rience ! Register now&nbsp; My Easyfairs Avec My Easyfairs, vous pourrez g\u00e9rer l&rsquo;int\u00e9gralit\u00e9 de [&hellip;]<\/p>\n","protected":false},"author":82,"featured_media":0,"parent":0,"menu_order":0,"comment_status":"closed","ping_status":"closed","template":"","meta":{"_seopress_robots_primary_cat":"","_seopress_titles_title":"Outils pour exposants - Empack Alg\u00e9rie","_seopress_titles_desc":"Retrouvez les outils que nous mettons \u00e0 votre dispositions pour rendre votre participation unique et encore plus rentable.","_seopress_robots_index":"","footnotes":""},"class_list":["post-228781","page","type-page","status-publish","hentry"],"_links":{"self":[{"href":"https:\/\/www.empackalgeria.com\/fr\/wp-json\/wp\/v2\/pages\/228781","targetHints":{"allow":["GET"]}}],"collection":[{"href":"https:\/\/www.empackalgeria.com\/fr\/wp-json\/wp\/v2\/pages"}],"about":[{"href":"https:\/\/www.empackalgeria.com\/fr\/wp-json\/wp\/v2\/types\/page"}],"author":[{"embeddable":true,"href":"https:\/\/www.empackalgeria.com\/fr\/wp-json\/wp\/v2\/users\/82"}],"replies":[{"embeddable":true,"href":"https:\/\/www.empackalgeria.com\/fr\/wp-json\/wp\/v2\/comments?post=228781"}],"version-history":[{"count":5,"href":"https:\/\/www.empackalgeria.com\/fr\/wp-json\/wp\/v2\/pages\/228781\/revisions"}],"predecessor-version":[{"id":236932,"href":"https:\/\/www.empackalgeria.com\/fr\/wp-json\/wp\/v2\/pages\/228781\/revisions\/236932"}],"wp:attachment":[{"href":"https:\/\/www.empackalgeria.com\/fr\/wp-json\/wp\/v2\/media?parent=228781"}],"curies":[{"name":"wp","href":"https:\/\/api.w.org\/{rel}","templated":true}]}}