{"id":228805,"date":"2025-05-30T09:49:44","date_gmt":"2025-05-30T08:49:44","guid":{"rendered":"https:\/\/www.empackalgeria.com\/?page_id=228805"},"modified":"2025-12-22T10:01:31","modified_gmt":"2025-12-22T09:01:31","slug":"visuels-pour-exposants","status":"publish","type":"page","link":"https:\/\/www.empackalgeria.com\/fr\/visuels-pour-exposants\/","title":{"rendered":"Visuels pour exposants"},"content":{"rendered":"\t\t<div data-elementor-type=\"wp-page\" data-elementor-id=\"228805\" class=\"elementor elementor-228805\" data-elementor-post-type=\"page\">\n\t\t\t\t\t\t<section class=\"elementor-section elementor-top-section elementor-element elementor-element-0ff3c7f elementor-section-full_width elementor-section-height-default elementor-section-height-default\" data-id=\"0ff3c7f\" data-element_type=\"section\" data-settings=\"{&quot;background_background&quot;:&quot;classic&quot;}\">\n\t\t\t\t\t\t<div class=\"elementor-container elementor-column-gap-no\">\n\t\t\t\t\t<div class=\"elementor-column elementor-col-50 elementor-top-column elementor-element elementor-element-df69b60 elementor-hidden-tablet elementor-hidden-mobile\" data-id=\"df69b60\" data-element_type=\"column\" data-settings=\"{&quot;background_background&quot;:&quot;classic&quot;}\">\n\t\t\t<div class=\"elementor-widget-wrap elementor-element-populated\">\n\t\t\t\t\t<div class=\"elementor-background-overlay\"><\/div>\n\t\t\t\t\t\t<div class=\"elementor-element elementor-element-dc798e1 elementor-skin-carousel elementor-arrows-yes elementor-widget elementor-widget-media-carousel\" data-id=\"dc798e1\" data-element_type=\"widget\" data-settings=\"{&quot;effect&quot;:&quot;fade&quot;,&quot;skin&quot;:&quot;carousel&quot;,&quot;show_arrows&quot;:&quot;yes&quot;,&quot;speed&quot;:500,&quot;autoplay&quot;:&quot;yes&quot;,&quot;autoplay_speed&quot;:5000,&quot;loop&quot;:&quot;yes&quot;,&quot;pause_on_hover&quot;:&quot;yes&quot;,&quot;pause_on_interaction&quot;:&quot;yes&quot;,&quot;space_between&quot;:{&quot;unit&quot;:&quot;px&quot;,&quot;size&quot;:10,&quot;sizes&quot;:[]},&quot;space_between_tablet&quot;:{&quot;unit&quot;:&quot;px&quot;,&quot;size&quot;:10,&quot;sizes&quot;:[]},&quot;space_between_mobile&quot;:{&quot;unit&quot;:&quot;px&quot;,&quot;size&quot;:10,&quot;sizes&quot;:[]}}\" data-widget_type=\"media-carousel.default\">\n\t\t\t\t<div class=\"elementor-widget-container\">\n\t\t\t\t\t\t\t\t\t<div class=\"elementor-swiper\">\n\t\t\t\t\t<div class=\"elementor-main-swiper swiper\" role=\"region\" aria-roledescription=\"carousel\" aria-label=\"Slides\">\n\t\t\t\t<div class=\"swiper-wrapper\">\n\t\t\t\t\t\t\t\t\t\t\t<div class=\"swiper-slide\" role=\"group\" aria-roledescription=\"slide\">\n\t\t\t\t\t\t\t\t\t<div class=\"elementor-carousel-image\" role=\"img\" aria-label=\"empack-24030-e1733830835712.jpg\" style=\"background-image: url(&#039;https:\/\/easyfairsassets.com\/sites\/356\/2025\/06\/empack-24030-e1733830835712-1.jpg&#039;)\">\n\n\t\t\t\n\t\t\t\t\t<\/div>\n\t\t\t\t\t\t\t\t<\/div>\n\t\t\t\t\t\t\t\t\t\t\t<div class=\"swiper-slide\" role=\"group\" aria-roledescription=\"slide\">\n\t\t\t\t\t\t\t\t\t<div class=\"elementor-carousel-image\" role=\"img\" aria-label=\"WhatsApp-Image-2024-11-27-at-18.18.14-1.jpeg\" style=\"background-image: url(&#039;https:\/\/easyfairsassets.com\/sites\/356\/2025\/06\/WhatsApp-Image-2024-11-27-at-18.18.14-1-1.jpeg&#039;)\">\n\n\t\t\t\n\t\t\t\t\t<\/div>\n\t\t\t\t\t\t\t\t<\/div>\n\t\t\t\t\t\t\t\t\t\t\t<div class=\"swiper-slide\" role=\"group\" aria-roledescription=\"slide\">\n\t\t\t\t\t\t\t\t\t<div class=\"elementor-carousel-image\" role=\"img\" aria-label=\"DSC_0269-rotated-1.jpg\" style=\"background-image: url(&#039;https:\/\/easyfairsassets.com\/sites\/356\/2025\/06\/DSC_0269-rotated-1-1.jpg&#039;)\">\n\n\t\t\t\n\t\t\t\t\t<\/div>\n\t\t\t\t\t\t\t\t<\/div>\n\t\t\t\t\t\t\t\t\t\t\t<div class=\"swiper-slide\" role=\"group\" aria-roledescription=\"slide\">\n\t\t\t\t\t\t\t\t\t<div class=\"elementor-carousel-image\" role=\"img\" aria-label=\"WhatsApp-Image-2024-11-27-at-18.10.02-2-1.jpeg\" style=\"background-image: url(&#039;https:\/\/easyfairsassets.com\/sites\/356\/2025\/06\/WhatsApp-Image-2024-11-27-at-18.10.02-2-1-1.jpeg&#039;)\">\n\n\t\t\t\n\t\t\t\t\t<\/div>\n\t\t\t\t\t\t\t\t<\/div>\n\t\t\t\t\t\t\t\t\t\t\t<div class=\"swiper-slide\" role=\"group\" aria-roledescription=\"slide\">\n\t\t\t\t\t\t\t\t\t<div class=\"elementor-carousel-image\" role=\"img\" aria-label=\"General-empack-logistics-653-e1733829893185.jpg\" style=\"background-image: url(&#039;https:\/\/easyfairsassets.com\/sites\/356\/2025\/06\/General-empack-logistics-653-e1733829893185-1.jpg&#039;)\">\n\n\t\t\t\n\t\t\t\t\t<\/div>\n\t\t\t\t\t\t\t\t<\/div>\n\t\t\t\t\t\t\t\t\t\t\t<div class=\"swiper-slide\" role=\"group\" aria-roledescription=\"slide\">\n\t\t\t\t\t\t\t\t\t<div class=\"elementor-carousel-image\" role=\"img\" aria-label=\"empack-24001.jpg\" style=\"background-image: url(&#039;https:\/\/easyfairsassets.com\/sites\/356\/2025\/06\/empack-24001-1.jpg&#039;)\">\n\n\t\t\t\n\t\t\t\t\t<\/div>\n\t\t\t\t\t\t\t\t<\/div>\n\t\t\t\t\t\t\t\t\t\t\t<div class=\"swiper-slide\" role=\"group\" aria-roledescription=\"slide\">\n\t\t\t\t\t\t\t\t\t<div class=\"elementor-carousel-image\" role=\"img\" aria-label=\"27N-salas-508-e1733830086592.jpg\" style=\"background-image: url(&#039;https:\/\/easyfairsassets.com\/sites\/356\/2025\/06\/27N-salas-508-e1733830086592-1.jpg&#039;)\">\n\n\t\t\t\n\t\t\t\t\t<\/div>\n\t\t\t\t\t\t\t\t<\/div>\n\t\t\t\t\t\t\t\t\t\t\t<div class=\"swiper-slide\" role=\"group\" aria-roledescription=\"slide\">\n\t\t\t\t\t\t\t\t\t<div class=\"elementor-carousel-image\" role=\"img\" aria-label=\"WhatsApp-Image-2024-11-27-at-18.10.02-1.jpeg\" style=\"background-image: url(&#039;https:\/\/easyfairsassets.com\/sites\/356\/2025\/06\/WhatsApp-Image-2024-11-27-at-18.10.02-1-1.jpeg&#039;)\">\n\n\t\t\t\n\t\t\t\t\t<\/div>\n\t\t\t\t\t\t\t\t<\/div>\n\t\t\t\t\t\t\t\t\t<\/div>\n\t\t\t\t\t\t\t\t\t\t\t\t\t\t\t<div class=\"elementor-swiper-button elementor-swiper-button-prev\" role=\"button\" tabindex=\"0\" aria-label=\"Previous\">\n\t\t\t\t\t\t\t<i aria-hidden=\"true\" class=\"eicon-chevron-left\"><\/i>\t\t\t\t\t\t<\/div>\n\t\t\t\t\t\t<div class=\"elementor-swiper-button elementor-swiper-button-next\" role=\"button\" tabindex=\"0\" aria-label=\"Next\">\n\t\t\t\t\t\t\t<i aria-hidden=\"true\" class=\"eicon-chevron-right\"><\/i>\t\t\t\t\t\t<\/div>\n\t\t\t\t\t\t\t\t\t\t\t\t\t\t\t\t\t<\/div>\n\t\t\t\t<\/div>\n\t\t\t\t\t\t\t\t<\/div>\n\t\t\t\t<\/div>\n\t\t\t\t\t<\/div>\n\t\t<\/div>\n\t\t\t\t<div class=\"elementor-column elementor-col-50 elementor-top-column elementor-element elementor-element-89bcf11\" data-id=\"89bcf11\" data-element_type=\"column\">\n\t\t\t<div class=\"elementor-widget-wrap elementor-element-populated\">\n\t\t\t\t\t\t<div class=\"elementor-element elementor-element-972bde0 elementor-invisible elementor-widget elementor-widget-heading\" data-id=\"972bde0\" data-element_type=\"widget\" data-settings=\"{&quot;_animation&quot;:&quot;fadeInRight&quot;}\" data-widget_type=\"heading.default\">\n\t\t\t\t<div class=\"elementor-widget-container\">\n\t\t\t\t\t<h1 class=\"elementor-heading-title elementor-size-default\">Mat\u00e9riel marketing pour les exposants<\/h1>\t\t\t\t<\/div>\n\t\t\t\t<\/div>\n\t\t\t\t<div class=\"elementor-element elementor-element-ed1166e elementor-widget elementor-widget-text-editor\" data-id=\"ed1166e\" data-element_type=\"widget\" data-widget_type=\"text-editor.default\">\n\t\t\t\t<div class=\"elementor-widget-container\">\n\t\t\t\t\t\t\t\t\t<p>Empack Alg\u00e9rie 2026 met \u00e0 votre disposition des logos et des banni\u00e8res de diff\u00e9rentes dimensions pour que vous puissiez partager votre participation \u00e0 l\u2019\u00e9v\u00e8nement.<\/p>\t\t\t\t\t\t\t\t<\/div>\n\t\t\t\t<\/div>\n\t\t\t\t<div class=\"elementor-element elementor-element-ad62d10 elementor-align-left elementor-mobile-align-center elementor-widget elementor-widget-button\" data-id=\"ad62d10\" data-element_type=\"widget\" data-widget_type=\"button.default\">\n\t\t\t\t<div class=\"elementor-widget-container\">\n\t\t\t\t\t\t\t\t\t<div class=\"elementor-button-wrapper\">\n\t\t\t\t\t<a class=\"elementor-button elementor-button-link elementor-size-xs\" href=\"https:\/\/www.empackalgeria.com\/fr\/demande-exposant\/\">\n\t\t\t\t\t\t<span class=\"elementor-button-content-wrapper\">\n\t\t\t\t\t\t\t\t\t<span class=\"elementor-button-text\">Je veux exposer<\/span>\n\t\t\t\t\t<\/span>\n\t\t\t\t\t<\/a>\n\t\t\t\t<\/div>\n\t\t\t\t\t\t\t\t<\/div>\n\t\t\t\t<\/div>\n\t\t\t\t\t<\/div>\n\t\t<\/div>\n\t\t\t\t\t<\/div>\n\t\t<\/section>\n\t\t\t\t<section class=\"elementor-section elementor-top-section elementor-element elementor-element-03328c1 elementor-section-boxed elementor-section-height-default elementor-section-height-default\" data-id=\"03328c1\" data-element_type=\"section\">\n\t\t\t\t\t\t<div class=\"elementor-container elementor-column-gap-default\">\n\t\t\t\t\t<div class=\"elementor-column elementor-col-100 elementor-top-column elementor-element elementor-element-d04d3bd\" data-id=\"d04d3bd\" data-element_type=\"column\">\n\t\t\t<div class=\"elementor-widget-wrap elementor-element-populated\">\n\t\t\t\t\t\t<div class=\"elementor-element elementor-element-0a98441 elementor-invisible elementor-widget elementor-widget-heading\" data-id=\"0a98441\" data-element_type=\"widget\" data-settings=\"{&quot;_animation&quot;:&quot;fadeInRight&quot;}\" data-widget_type=\"heading.default\">\n\t\t\t\t<div class=\"elementor-widget-container\">\n\t\t\t\t\t<h2 class=\"elementor-heading-title elementor-size-default\">Logo Empack<\/h2>\t\t\t\t<\/div>\n\t\t\t\t<\/div>\n\t\t\t\t\t<\/div>\n\t\t<\/div>\n\t\t\t\t\t<\/div>\n\t\t<\/section>\n\t\t\t\t<section class=\"elementor-section elementor-top-section elementor-element elementor-element-b4d5ec2 elementor-section-boxed elementor-section-height-default elementor-section-height-default\" data-id=\"b4d5ec2\" data-element_type=\"section\">\n\t\t\t\t\t\t<div class=\"elementor-container elementor-column-gap-default\">\n\t\t\t\t\t<div class=\"elementor-column elementor-col-100 elementor-top-column elementor-element elementor-element-19810c8\" data-id=\"19810c8\" data-element_type=\"column\">\n\t\t\t<div class=\"elementor-widget-wrap elementor-element-populated\">\n\t\t\t\t\t\t<section class=\"elementor-section elementor-inner-section elementor-element elementor-element-b97aec7 elementor-section-boxed elementor-section-height-default elementor-section-height-default\" data-id=\"b97aec7\" data-element_type=\"section\">\n\t\t\t\t\t\t<div class=\"elementor-container elementor-column-gap-default\">\n\t\t\t\t\t<div class=\"elementor-column elementor-col-25 elementor-inner-column elementor-element elementor-element-22d7fe0\" data-id=\"22d7fe0\" data-element_type=\"column\">\n\t\t\t<div class=\"elementor-widget-wrap elementor-element-populated\">\n\t\t\t\t\t\t<div class=\"elementor-element elementor-element-ad114ab elementor-widget elementor-widget-image\" data-id=\"ad114ab\" data-element_type=\"widget\" data-widget_type=\"image.default\">\n\t\t\t\t<div class=\"elementor-widget-container\">\n\t\t\t\t\t\t\t\t\t\t\t\t\t\t\t<img fetchpriority=\"high\" decoding=\"async\" width=\"800\" height=\"340\" src=\"https:\/\/easyfairsassets.com\/sites\/356\/2025\/08\/Empack_logo-2020_White_Transparent-1-1024x435.png\" class=\"attachment-large size-large wp-image-231503\" alt=\"\" srcset=\"https:\/\/easyfairsassets.com\/sites\/356\/2025\/08\/Empack_logo-2020_White_Transparent-1-1024x435.png 1024w, https:\/\/easyfairsassets.com\/sites\/356\/2025\/08\/Empack_logo-2020_White_Transparent-1-300x127.png 300w, https:\/\/easyfairsassets.com\/sites\/356\/2025\/08\/Empack_logo-2020_White_Transparent-1-768x326.png 768w, https:\/\/easyfairsassets.com\/sites\/356\/2025\/08\/Empack_logo-2020_White_Transparent-1-1536x652.png 1536w, https:\/\/easyfairsassets.com\/sites\/356\/2025\/08\/Empack_logo-2020_White_Transparent-1.png 1920w\" sizes=\"(max-width: 800px) 100vw, 800px\" \/>\t\t\t\t\t\t\t\t\t\t\t\t\t\t\t<\/div>\n\t\t\t\t<\/div>\n\t\t\t\t\t<\/div>\n\t\t<\/div>\n\t\t\t\t<div class=\"elementor-column elementor-col-25 elementor-inner-column elementor-element elementor-element-be150f4\" data-id=\"be150f4\" data-element_type=\"column\">\n\t\t\t<div class=\"elementor-widget-wrap elementor-element-populated\">\n\t\t\t\t\t\t<div class=\"elementor-element elementor-element-99826ec elementor-widget elementor-widget-image\" data-id=\"99826ec\" data-element_type=\"widget\" data-widget_type=\"image.default\">\n\t\t\t\t<div class=\"elementor-widget-container\">\n\t\t\t\t\t\t\t\t\t\t\t\t\t\t\t<img decoding=\"async\" width=\"800\" height=\"339\" src=\"https:\/\/easyfairsassets.com\/sites\/356\/2025\/08\/Empack_logo-2020_RGB_LR-transparant.png\" class=\"attachment-large size-large wp-image-231501\" alt=\"\" srcset=\"https:\/\/easyfairsassets.com\/sites\/356\/2025\/08\/Empack_logo-2020_RGB_LR-transparant.png 879w, https:\/\/easyfairsassets.com\/sites\/356\/2025\/08\/Empack_logo-2020_RGB_LR-transparant-300x127.png 300w, https:\/\/easyfairsassets.com\/sites\/356\/2025\/08\/Empack_logo-2020_RGB_LR-transparant-768x326.png 768w\" sizes=\"(max-width: 800px) 100vw, 800px\" \/>\t\t\t\t\t\t\t\t\t\t\t\t\t\t\t<\/div>\n\t\t\t\t<\/div>\n\t\t\t\t\t<\/div>\n\t\t<\/div>\n\t\t\t\t<div class=\"elementor-column elementor-col-25 elementor-inner-column elementor-element elementor-element-80f8c2c\" data-id=\"80f8c2c\" data-element_type=\"column\">\n\t\t\t<div class=\"elementor-widget-wrap elementor-element-populated\">\n\t\t\t\t\t\t<div class=\"elementor-element elementor-element-7323a31 elementor-widget elementor-widget-image\" data-id=\"7323a31\" data-element_type=\"widget\" data-widget_type=\"image.default\">\n\t\t\t\t<div class=\"elementor-widget-container\">\n\t\t\t\t\t\t\t\t\t\t\t\t\t\t\t<img decoding=\"async\" width=\"800\" height=\"340\" src=\"https:\/\/easyfairsassets.com\/sites\/356\/2025\/08\/Empack_logo-2020_RGB_HR-transparant-1024x435.png\" class=\"attachment-large size-large wp-image-231499\" alt=\"\" srcset=\"https:\/\/easyfairsassets.com\/sites\/356\/2025\/08\/Empack_logo-2020_RGB_HR-transparant-1024x435.png 1024w, https:\/\/easyfairsassets.com\/sites\/356\/2025\/08\/Empack_logo-2020_RGB_HR-transparant-300x127.png 300w, https:\/\/easyfairsassets.com\/sites\/356\/2025\/08\/Empack_logo-2020_RGB_HR-transparant-768x326.png 768w, https:\/\/easyfairsassets.com\/sites\/356\/2025\/08\/Empack_logo-2020_RGB_HR-transparant-1536x652.png 1536w, https:\/\/easyfairsassets.com\/sites\/356\/2025\/08\/Empack_logo-2020_RGB_HR-transparant.png 1920w\" sizes=\"(max-width: 800px) 100vw, 800px\" \/>\t\t\t\t\t\t\t\t\t\t\t\t\t\t\t<\/div>\n\t\t\t\t<\/div>\n\t\t\t\t\t<\/div>\n\t\t<\/div>\n\t\t\t\t<div class=\"elementor-column elementor-col-25 elementor-inner-column elementor-element elementor-element-2e7888b\" data-id=\"2e7888b\" data-element_type=\"column\">\n\t\t\t<div class=\"elementor-widget-wrap elementor-element-populated\">\n\t\t\t\t\t\t<div class=\"elementor-element elementor-element-92cdac4 elementor-widget elementor-widget-image\" data-id=\"92cdac4\" data-element_type=\"widget\" data-widget_type=\"image.default\">\n\t\t\t\t<div class=\"elementor-widget-container\">\n\t\t\t\t\t\t\t\t\t\t\t\t\t\t\t<img loading=\"lazy\" decoding=\"async\" width=\"800\" height=\"340\" src=\"https:\/\/easyfairsassets.com\/sites\/356\/2025\/08\/Empack_logo-2020_CMYK-300dpi-1024x435.jpg\" class=\"attachment-large size-large wp-image-231497\" alt=\"\" srcset=\"https:\/\/easyfairsassets.com\/sites\/356\/2025\/08\/Empack_logo-2020_CMYK-300dpi-1024x435.jpg 1024w, https:\/\/easyfairsassets.com\/sites\/356\/2025\/08\/Empack_logo-2020_CMYK-300dpi-300x128.jpg 300w, https:\/\/easyfairsassets.com\/sites\/356\/2025\/08\/Empack_logo-2020_CMYK-300dpi-768x326.jpg 768w, https:\/\/easyfairsassets.com\/sites\/356\/2025\/08\/Empack_logo-2020_CMYK-300dpi-1536x653.jpg 1536w, https:\/\/easyfairsassets.com\/sites\/356\/2025\/08\/Empack_logo-2020_CMYK-300dpi.jpg 1920w\" sizes=\"(max-width: 800px) 100vw, 800px\" \/>\t\t\t\t\t\t\t\t\t\t\t\t\t\t\t<\/div>\n\t\t\t\t<\/div>\n\t\t\t\t\t<\/div>\n\t\t<\/div>\n\t\t\t\t\t<\/div>\n\t\t<\/section>\n\t\t\t\t\t<\/div>\n\t\t<\/div>\n\t\t\t\t\t<\/div>\n\t\t<\/section>\n\t\t\t\t<section class=\"elementor-section elementor-top-section elementor-element elementor-element-bdaebe9 elementor-hidden-desktop elementor-hidden-tablet elementor-hidden-mobile elementor-section-boxed elementor-section-height-default elementor-section-height-default\" data-id=\"bdaebe9\" data-element_type=\"section\">\n\t\t\t\t\t\t<div class=\"elementor-container elementor-column-gap-default\">\n\t\t\t\t\t<div class=\"elementor-column elementor-col-100 elementor-top-column elementor-element elementor-element-edb118b\" data-id=\"edb118b\" data-element_type=\"column\">\n\t\t\t<div class=\"elementor-widget-wrap elementor-element-populated\">\n\t\t\t\t\t\t<div class=\"elementor-element elementor-element-f46acf4 elementor-invisible elementor-widget elementor-widget-heading\" data-id=\"f46acf4\" data-element_type=\"widget\" data-settings=\"{&quot;_animation&quot;:&quot;fadeInRight&quot;}\" data-widget_type=\"heading.default\">\n\t\t\t\t<div class=\"elementor-widget-container\">\n\t\t\t\t\t<h1 class=\"elementor-heading-title elementor-size-default\">Diff\u00e9rents \u00e9l\u00e9ments visuels<\/h1>\t\t\t\t<\/div>\n\t\t\t\t<\/div>\n\t\t\t\t\t<\/div>\n\t\t<\/div>\n\t\t\t\t\t<\/div>\n\t\t<\/section>\n\t\t\t\t<section class=\"elementor-section elementor-top-section elementor-element elementor-element-3f8d538 elementor-hidden-desktop elementor-hidden-tablet elementor-hidden-mobile elementor-section-boxed elementor-section-height-default elementor-section-height-default\" data-id=\"3f8d538\" data-element_type=\"section\">\n\t\t\t\t\t\t<div class=\"elementor-container elementor-column-gap-default\">\n\t\t\t\t\t<div class=\"elementor-column elementor-col-100 elementor-top-column elementor-element elementor-element-c92c00d\" data-id=\"c92c00d\" data-element_type=\"column\">\n\t\t\t<div class=\"elementor-widget-wrap elementor-element-populated\">\n\t\t\t\t\t\t<section class=\"elementor-section elementor-inner-section elementor-element elementor-element-6fff32b elementor-section-boxed elementor-section-height-default elementor-section-height-default\" data-id=\"6fff32b\" data-element_type=\"section\">\n\t\t\t\t\t\t<div class=\"elementor-container elementor-column-gap-default\">\n\t\t\t\t\t<div class=\"elementor-column elementor-col-50 elementor-inner-column elementor-element elementor-element-679159e\" data-id=\"679159e\" data-element_type=\"column\">\n\t\t\t<div class=\"elementor-widget-wrap elementor-element-populated\">\n\t\t\t\t\t\t<div class=\"elementor-element elementor-element-f137928 elementor-widget elementor-widget-image\" data-id=\"f137928\" data-element_type=\"widget\" data-widget_type=\"image.default\">\n\t\t\t\t<div class=\"elementor-widget-container\">\n\t\t\t\t\t\t\t\t\t\t\t\t\t\t\t<img loading=\"lazy\" decoding=\"async\" width=\"600\" height=\"132\" src=\"https:\/\/easyfairsassets.com\/sites\/356\/2025\/08\/Empack_25_Emailbanner_600x132_FR_Gratuit.jpg\" class=\"attachment-large size-large wp-image-231511\" alt=\"\" srcset=\"https:\/\/easyfairsassets.com\/sites\/356\/2025\/08\/Empack_25_Emailbanner_600x132_FR_Gratuit.jpg 600w, https:\/\/easyfairsassets.com\/sites\/356\/2025\/08\/Empack_25_Emailbanner_600x132_FR_Gratuit-300x66.jpg 300w\" sizes=\"(max-width: 600px) 100vw, 600px\" \/>\t\t\t\t\t\t\t\t\t\t\t\t\t\t\t<\/div>\n\t\t\t\t<\/div>\n\t\t\t\t<div class=\"elementor-element elementor-element-1631a49 elementor-widget elementor-widget-image\" data-id=\"1631a49\" data-element_type=\"widget\" data-widget_type=\"image.default\">\n\t\t\t\t<div class=\"elementor-widget-container\">\n\t\t\t\t\t\t\t\t\t\t\t\t\t\t\t<img loading=\"lazy\" decoding=\"async\" width=\"600\" height=\"132\" src=\"https:\/\/easyfairsassets.com\/sites\/356\/2025\/08\/Empack_25_Emailbanner_600x132_FR_Info.jpg\" class=\"attachment-large size-large wp-image-231519\" alt=\"\" srcset=\"https:\/\/easyfairsassets.com\/sites\/356\/2025\/08\/Empack_25_Emailbanner_600x132_FR_Info.jpg 600w, https:\/\/easyfairsassets.com\/sites\/356\/2025\/08\/Empack_25_Emailbanner_600x132_FR_Info-300x66.jpg 300w\" sizes=\"(max-width: 600px) 100vw, 600px\" \/>\t\t\t\t\t\t\t\t\t\t\t\t\t\t\t<\/div>\n\t\t\t\t<\/div>\n\t\t\t\t<div class=\"elementor-element elementor-element-fd55c94 elementor-widget elementor-widget-image\" data-id=\"fd55c94\" data-element_type=\"widget\" data-widget_type=\"image.default\">\n\t\t\t\t<div class=\"elementor-widget-container\">\n\t\t\t\t\t\t\t\t\t\t\t\t\t\t\t<img loading=\"lazy\" decoding=\"async\" width=\"800\" height=\"304\" src=\"https:\/\/easyfairsassets.com\/sites\/356\/2025\/08\/Empack-Algerie-page-de-couverture.png\" class=\"attachment-large size-large wp-image-231517\" alt=\"\" srcset=\"https:\/\/easyfairsassets.com\/sites\/356\/2025\/08\/Empack-Algerie-page-de-couverture.png 820w, https:\/\/easyfairsassets.com\/sites\/356\/2025\/08\/Empack-Algerie-page-de-couverture-300x114.png 300w, https:\/\/easyfairsassets.com\/sites\/356\/2025\/08\/Empack-Algerie-page-de-couverture-768x292.png 768w\" sizes=\"(max-width: 800px) 100vw, 800px\" \/>\t\t\t\t\t\t\t\t\t\t\t\t\t\t\t<\/div>\n\t\t\t\t<\/div>\n\t\t\t\t<div class=\"elementor-element elementor-element-8793d95 elementor-widget elementor-widget-image\" data-id=\"8793d95\" data-element_type=\"widget\" data-widget_type=\"image.default\">\n\t\t\t\t<div class=\"elementor-widget-container\">\n\t\t\t\t\t\t\t\t\t\t\t\t\t\t\t<img loading=\"lazy\" decoding=\"async\" width=\"800\" height=\"156\" src=\"https:\/\/easyfairsassets.com\/sites\/356\/2025\/08\/EmpAlg_Header_FR_1500x292_Inscrip_V2-1024x200.png\" class=\"attachment-large size-large wp-image-231523\" alt=\"\" srcset=\"https:\/\/easyfairsassets.com\/sites\/356\/2025\/08\/EmpAlg_Header_FR_1500x292_Inscrip_V2-1024x200.png 1024w, https:\/\/easyfairsassets.com\/sites\/356\/2025\/08\/EmpAlg_Header_FR_1500x292_Inscrip_V2-300x59.png 300w, https:\/\/easyfairsassets.com\/sites\/356\/2025\/08\/EmpAlg_Header_FR_1500x292_Inscrip_V2-768x150.png 768w, https:\/\/easyfairsassets.com\/sites\/356\/2025\/08\/EmpAlg_Header_FR_1500x292_Inscrip_V2.png 1500w\" sizes=\"(max-width: 800px) 100vw, 800px\" \/>\t\t\t\t\t\t\t\t\t\t\t\t\t\t\t<\/div>\n\t\t\t\t<\/div>\n\t\t\t\t\t<\/div>\n\t\t<\/div>\n\t\t\t\t<div class=\"elementor-column elementor-col-50 elementor-inner-column elementor-element elementor-element-e8a717d\" data-id=\"e8a717d\" data-element_type=\"column\">\n\t\t\t<div class=\"elementor-widget-wrap elementor-element-populated\">\n\t\t\t\t\t\t<div class=\"elementor-element elementor-element-31efd65 elementor-widget elementor-widget-image\" data-id=\"31efd65\" data-element_type=\"widget\" data-widget_type=\"image.default\">\n\t\t\t\t<div class=\"elementor-widget-container\">\n\t\t\t\t\t\t\t\t\t\t\t\t\t\t\t<img loading=\"lazy\" decoding=\"async\" width=\"724\" height=\"1024\" src=\"https:\/\/easyfairsassets.com\/sites\/356\/2025\/08\/Page-de-pub-A4-Empack-Algerie-724x1024.jpeg\" class=\"attachment-large size-large wp-image-231513\" alt=\"\" srcset=\"https:\/\/easyfairsassets.com\/sites\/356\/2025\/08\/Page-de-pub-A4-Empack-Algerie-724x1024.jpeg 724w, https:\/\/easyfairsassets.com\/sites\/356\/2025\/08\/Page-de-pub-A4-Empack-Algerie-212x300.jpeg 212w, https:\/\/easyfairsassets.com\/sites\/356\/2025\/08\/Page-de-pub-A4-Empack-Algerie-768x1086.jpeg 768w, https:\/\/easyfairsassets.com\/sites\/356\/2025\/08\/Page-de-pub-A4-Empack-Algerie-1086x1536.jpeg 1086w, https:\/\/easyfairsassets.com\/sites\/356\/2025\/08\/Page-de-pub-A4-Empack-Algerie.jpeg 1358w\" sizes=\"(max-width: 724px) 100vw, 724px\" \/>\t\t\t\t\t\t\t\t\t\t\t\t\t\t\t<\/div>\n\t\t\t\t<\/div>\n\t\t\t\t\t<\/div>\n\t\t<\/div>\n\t\t\t\t\t<\/div>\n\t\t<\/section>\n\t\t\t\t\t<\/div>\n\t\t<\/div>\n\t\t\t\t\t<\/div>\n\t\t<\/section>\n\t\t\t\t<\/div>\n\t\t","protected":false},"excerpt":{"rendered":"<p>Mat\u00e9riel marketing pour les exposants Empack Alg\u00e9rie 2026 met \u00e0 votre disposition des logos et des banni\u00e8res de diff\u00e9rentes dimensions pour que vous puissiez partager votre participation \u00e0 l\u2019\u00e9v\u00e8nement. Je veux exposer Logo Empack Diff\u00e9rents \u00e9l\u00e9ments visuels<\/p>\n","protected":false},"author":82,"featured_media":0,"parent":0,"menu_order":0,"comment_status":"closed","ping_status":"closed","template":"","meta":{"_seopress_robots_primary_cat":"","_seopress_titles_title":"Visuels pour exposants - Empack Alg\u00e9rie","_seopress_titles_desc":"Mat\u00e9riel marketing pour les exposants - Empack Alg\u00e9rie 2025 met \u00e0 votre disposition des logos et des banni\u00e8res de diff\u00e9rentes dimensions.","_seopress_robots_index":"","footnotes":""},"class_list":["post-228805","page","type-page","status-publish","hentry"],"_links":{"self":[{"href":"https:\/\/www.empackalgeria.com\/fr\/wp-json\/wp\/v2\/pages\/228805","targetHints":{"allow":["GET"]}}],"collection":[{"href":"https:\/\/www.empackalgeria.com\/fr\/wp-json\/wp\/v2\/pages"}],"about":[{"href":"https:\/\/www.empackalgeria.com\/fr\/wp-json\/wp\/v2\/types\/page"}],"author":[{"embeddable":true,"href":"https:\/\/www.empackalgeria.com\/fr\/wp-json\/wp\/v2\/users\/82"}],"replies":[{"embeddable":true,"href":"https:\/\/www.empackalgeria.com\/fr\/wp-json\/wp\/v2\/comments?post=228805"}],"version-history":[{"count":5,"href":"https:\/\/www.empackalgeria.com\/fr\/wp-json\/wp\/v2\/pages\/228805\/revisions"}],"predecessor-version":[{"id":236936,"href":"https:\/\/www.empackalgeria.com\/fr\/wp-json\/wp\/v2\/pages\/228805\/revisions\/236936"}],"wp:attachment":[{"href":"https:\/\/www.empackalgeria.com\/fr\/wp-json\/wp\/v2\/media?parent=228805"}],"curies":[{"name":"wp","href":"https:\/\/api.w.org\/{rel}","templated":true}]}}