{"id":230483,"date":"2025-06-18T12:13:54","date_gmt":"2025-06-18T11:13:54","guid":{"rendered":"https:\/\/www.empackalgeria.com\/?page_id=230483"},"modified":"2025-06-27T07:45:25","modified_gmt":"2025-06-27T06:45:25","slug":"hotels","status":"publish","type":"page","link":"https:\/\/www.empackalgeria.com\/fr\/hotels\/","title":{"rendered":"H\u00f4tels"},"content":{"rendered":"\t\t<div data-elementor-type=\"wp-page\" data-elementor-id=\"230483\" class=\"elementor elementor-230483\" data-elementor-post-type=\"page\">\n\t\t\t\t\t\t<section class=\"elementor-section elementor-top-section elementor-element elementor-element-6b55c53 elementor-section-full_width elementor-section-height-default elementor-section-height-default\" data-id=\"6b55c53\" data-element_type=\"section\">\n\t\t\t\t\t\t<div class=\"elementor-container elementor-column-gap-default\">\n\t\t\t\t\t<div class=\"elementor-column elementor-col-100 elementor-top-column elementor-element elementor-element-f9d7c57\" data-id=\"f9d7c57\" data-element_type=\"column\">\n\t\t\t<div class=\"elementor-widget-wrap elementor-element-populated\">\n\t\t\t\t\t\t<div class=\"elementor-element elementor-element-1de23dc elementor-widget elementor-widget-hotel-map\" data-id=\"1de23dc\" data-element_type=\"widget\" data-widget_type=\"hotel-map.default\">\n\t\t\t\t<div class=\"elementor-widget-container\">\n\t\t\t\t\t        <script async src=\"https:\/\/hotelmap.com\/api\/html\/v2\/listing?m=M3L2D\" type=\"text\/javascript\" id=\"hotelmap_script\"><\/script>\n        \t\t\t\t<\/div>\n\t\t\t\t<\/div>\n\t\t\t\t\t<\/div>\n\t\t<\/div>\n\t\t\t\t\t<\/div>\n\t\t<\/section>\n\t\t\t\t<\/div>\n\t\t","protected":false},"excerpt":{"rendered":"","protected":false},"author":1245,"featured_media":0,"parent":0,"menu_order":0,"comment_status":"closed","ping_status":"closed","template":"","meta":{"_seopress_robots_primary_cat":"","_seopress_titles_title":"Hotels | Empack Algeria","_seopress_titles_desc":"Notre partenaire Hotel Map permet \u00e0 nos participants de b\u00e9n\u00e9ficier des meilleurs tarifs h\u00f4teliers. Pour r\u00e9server une chambre d\u2019h\u00f4tel ou un transfert, n\u2019h\u00e9sitez pas \u00e0 consulter notre site web pour r\u00e9server en ligne.","_seopress_robots_index":"","footnotes":""},"class_list":["post-230483","page","type-page","status-publish","hentry"],"_links":{"self":[{"href":"https:\/\/www.empackalgeria.com\/fr\/wp-json\/wp\/v2\/pages\/230483","targetHints":{"allow":["GET"]}}],"collection":[{"href":"https:\/\/www.empackalgeria.com\/fr\/wp-json\/wp\/v2\/pages"}],"about":[{"href":"https:\/\/www.empackalgeria.com\/fr\/wp-json\/wp\/v2\/types\/page"}],"author":[{"embeddable":true,"href":"https:\/\/www.empackalgeria.com\/fr\/wp-json\/wp\/v2\/users\/1245"}],"replies":[{"embeddable":true,"href":"https:\/\/www.empackalgeria.com\/fr\/wp-json\/wp\/v2\/comments?post=230483"}],"version-history":[{"count":5,"href":"https:\/\/www.empackalgeria.com\/fr\/wp-json\/wp\/v2\/pages\/230483\/revisions"}],"predecessor-version":[{"id":230979,"href":"https:\/\/www.empackalgeria.com\/fr\/wp-json\/wp\/v2\/pages\/230483\/revisions\/230979"}],"wp:attachment":[{"href":"https:\/\/www.empackalgeria.com\/fr\/wp-json\/wp\/v2\/media?parent=230483"}],"curies":[{"name":"wp","href":"https:\/\/api.w.org\/{rel}","templated":true}]}}